{"id":11,"date":"2014-01-13T13:45:56","date_gmt":"2014-01-13T13:45:56","guid":{"rendered":"http:\/\/fasform.de\/content\/?page_id=2"},"modified":"2014-08-13T14:47:21","modified_gmt":"2014-08-13T12:47:21","slug":"forschungsziele","status":"publish","type":"page","link":"https:\/\/fasform.de\/content\/forschungsziele\/","title":{"rendered":"Forschungsziele"},"content":{"rendered":"<h2>Bezeichnung des FuE-Kooperationsprojektes<\/h2>\n<p><strong>Entwicklung eines Modellierungswerkzeugs und technischer Dienstleistungen f\u00fcr Maschinenbaukonstrukteure zur systematischen Entwicklung und Modellierung des Funktions-Gestalt-Zusammenhangs mechatronischer Produkte mit durchg\u00e4ngiger Kopplung an SysML und CAD-Werkzeuge.<\/strong><\/p>\n<h2>Arbeitstitel<\/h2>\n<p><strong>Functional Architectures of Systems for Mechanical Engineers<\/strong> (kurz: <em>FASforM<\/em> oder <em>FAS4M<\/em>)<\/p>\n<h2>F\u00f6rderma\u00dfnahme<\/h2>\n<p>Dieses FuE-Kooperationsprojekt wird gef\u00f6rdert durch das F\u00f6rderprogramm <a title=\"Zentrales Innovationsprogramm Mittelstand (ZIM)\" href=\"http:\/\/www.zim-bmwi.de\" target=\"_blank\"><strong>Zentrales Innovationsprogramm Mittelstand<\/strong><\/a> (ZIM) des Bundesministeriums f\u00fcr Wirtschaft und Technologie (BMWi).<\/p>\n<h2>Projektlaufzeit<\/h2>\n<p>01. Oktober 2013 bis 31. M\u00e4rz 2016<\/p>\n<h2>Projektbeschreibung und Motivation<\/h2>\n<p><em>Model-Based Systems Engineering<\/em> (MBSE) ist ein disziplinen\u00fcbergreifender Systementwicklungsansatz, der eine fr\u00fchzeitige Anforderungsdefinition, Produktkonzipierung, Konzeptabsicherung, sowie Vernetzung der Aspekte auf der Basis von Modellen erlaubt. Existierende Modellierungssprachen f\u00fcr die disziplinen\u00fcbergreifende Systemmodellierung wie die <em>Systems Modeling Language<\/em> (SysML) weisen jedoch einen f\u00fcr die Anwendung durch Maschinenbaukonstrukteure zu generischen Charakter auf.<\/p>\n<p>Besonders problematisch ist der massive Abstraktionssprung von gestaltneutralen Blockdiagrammen der SysML zu konkreten 3D-CAD-Modellen und die damit einhergehende fehlende Abbildung des Funktions-Gestalt-Zusammenhangs.<\/p>\n<p>Inhalt dieses FuE-Kooperationsprojektes ist die Entwicklung einer Modellierungssprache mit dem Arbeitstitel MechML (<em>Mechanics Modeling Language<\/em>) mit anwendergerechten Darstellungen, die den Br\u00fcckenschlag zwischen der abstrakten SysML und dem konkreten CAD erm\u00f6glicht. Durch die Entwicklung von Modellierungsmethoden (Vorgehensmodell, Regeln, Heuristiken) und Datenschnittstellen zwischen den Modellierungswerkzeugen soll eine konsistente Transition von\u00a0weitgehend technologieneutralen, funktionalen Strukturen auf die resultierende Gestalt erm\u00f6glicht werden. Somit werden ein besseres Gesamtsystemverst\u00e4ndnis f\u00fcr Maschinenbauer und Konstrukteure, und die ganzheitliche Analysierbarkeit multidisziplin\u00e4rer Systeme erreicht.<\/p>\n<p>&nbsp;<\/p>\n","protected":false},"excerpt":{"rendered":"<p>Bezeichnung des FuE-Kooperationsprojektes Entwicklung eines Modellierungswerkzeugs und technischer Dienstleistungen f\u00fcr Maschinenbaukonstrukteure zur systematischen Entwicklung und Modellierung des Funktions-Gestalt-Zusammenhangs mechatronischer Produkte mit durchg\u00e4ngiger Kopplung an SysML und CAD-Werkzeuge. Arbeitstitel Functional Architectures of Systems for Mechanical Engineers (kurz: FASforM oder FAS4M) F\u00f6rderma\u00dfnahme Dieses FuE-Kooperationsprojekt wird gef\u00f6rdert durch das F\u00f6rderprogramm Zentrales Innovationsprogramm Mittelstand (ZIM) des Bundesministeriums f\u00fcr Wirtschaft [&hellip;]<\/p>\n","protected":false},"author":1,"featured_media":1011,"parent":0,"menu_order":0,"comment_status":"open","ping_status":"open","template":"","meta":{"footnotes":""},"class_list":["post-11","page","type-page","status-publish","has-post-thumbnail","czr-hentry"],"aioseo_notices":[],"_links":{"self":[{"href":"https:\/\/fasform.de\/content\/wp-json\/wp\/v2\/pages\/11","targetHints":{"allow":["GET"]}}],"collection":[{"href":"https:\/\/fasform.de\/content\/wp-json\/wp\/v2\/pages"}],"about":[{"href":"https:\/\/fasform.de\/content\/wp-json\/wp\/v2\/types\/page"}],"author":[{"embeddable":true,"href":"https:\/\/fasform.de\/content\/wp-json\/wp\/v2\/users\/1"}],"replies":[{"embeddable":true,"href":"https:\/\/fasform.de\/content\/wp-json\/wp\/v2\/comments?post=11"}],"version-history":[{"count":6,"href":"https:\/\/fasform.de\/content\/wp-json\/wp\/v2\/pages\/11\/revisions"}],"predecessor-version":[{"id":201,"href":"https:\/\/fasform.de\/content\/wp-json\/wp\/v2\/pages\/11\/revisions\/201"}],"wp:featuredmedia":[{"embeddable":true,"href":"https:\/\/fasform.de\/content\/wp-json\/wp\/v2\/media\/1011"}],"wp:attachment":[{"href":"https:\/\/fasform.de\/content\/wp-json\/wp\/v2\/media?parent=11"}],"curies":[{"name":"wp","href":"https:\/\/api.w.org\/{rel}","templated":true}]}}