{"id":1361,"date":"2016-06-29T10:31:28","date_gmt":"2016-06-29T08:31:28","guid":{"rendered":"http:\/\/fasform.de\/content\/?page_id=1361"},"modified":"2016-07-11T23:25:34","modified_gmt":"2016-07-11T21:25:34","slug":"ergebnisse","status":"publish","type":"page","link":"https:\/\/fasform.de\/content\/ergebnisse\/","title":{"rendered":"Projektergebnisse"},"content":{"rendered":"<p>Auf dieser Seite stellen wir Ihnen die Ergebnisse unseres Forschungsprojekts zur Verf\u00fcgung.<\/p>\n<h3>Methodisches Vorgehen<\/h3>\n<p>Auf der Website von KITopen (Das ist das zentrale Repository und die Publikationsplattform des Karlsruher Instituts f\u00fcr Technologie) k\u00f6nnen Sie eine Kurzversion des FAS4M-Methodenguidelines herunterladen.<br \/>\n<a href=\"http:\/\/digbib.ubka.uni-karlsruhe.de\/volltexte\/1000056208\" title=\"Kurzversion FAS4M Methodenguideline: Methodisches Vorgehen im FAS4M-Ansatz\" target=\"_blank\">http:\/\/digbib.ubka.uni-karlsruhe.de\/volltexte\/1000056208<\/a><br \/>\nDOI: 10.5445\/IR\/1000056208<\/p>\n<h3>Die MechML-Spezifikation<\/h3>\n<p>Die Mechanics Modeling Language (MechML) ist eine Erweiterung der allgemeinen Modellierungssprache SysML\u00ae (OMG Systems Modeling Language\u2122) um spezifischere Modellelemente, die f\u00fcr die FAS4M-Methode erforderlich sind. Wir stellen Ihnen hier die Spezifikation der MechML 1.0 zur Verf\u00fcgung. Sie ist unter einer <a title=\"This is a link to a human-readable summary of the license\" href=\"https:\/\/creativecommons.org\/licenses\/by-nd\/4.0\/\" target=\"_blank\">Creative Commons Attribution-NoDerivatives 4.0 International<\/a> (CC BY-ND 4.0) Lizenz lizenziert.<br \/>\n<em><a href=\"https:\/\/fasform.de\/content\/?ddownload=1431\" title=\"MechML-Spezifikation herunterladen\" rel=\"nofollow\" class=\"ddownload-link id-1431 ext-pdf\">MechML-Spezifikation herunterladen<\/a><\/em><\/p>\n<h3>Das MechML-Profil<\/h3>\n<p>Dieses Profil enth\u00e4lt die Stereotypen der MechML und kann in allen g\u00e4ngigen SysML-Modellierungswerkzeugen verwendet werden. Der Import und die Nutzung dieses Profils in ihrem Modellierungswerkzeug sollte im zugeh\u00f6rigen Handbuch (User Manual) beschrieben sein, oder fragen Sie bei Bedarf den Hersteller des Werkzeugs (das Profil ist die in der Zip-Datei enthaltene XMI-Datei).<br \/>\n<em><a href=\"https:\/\/fasform.de\/content\/?ddownload=1601\" title=\"MechML-Profil herunterladen\" rel=\"nofollow\" class=\"ddownload-link id-1601 ext-zip\">MechML-Profil herunterladen<\/a><\/em><\/p>\n<p>F\u00fcr das Tool <a title=\"Cameo Systems Modeler von NoMagic\" href=\"http:\/\/www.nomagic.com\/products\/cameo-systems-modeler.html\" target=\"_blank\">Cameo Systems Modeler<\/a> (bzw. MagicDraw mit SysML-Plugin), haben wir ein Plugin erstellt, das die Arbeit mit MechML sehr erleichtert. Die Toolbox f\u00fcr Blockdefinitionsdiagramme ist um die MechML-Elemente erweitert, viele Verkn\u00fcpfungen lassen sich mit Drag &amp; Drop erstellen und das Free Sketch Diagramm ist verf\u00fcgbar. Au\u00dferdem wird die MechML-Spezifikation und eine Beispieldatei in den daf\u00fcr vorgesehenen Ordnern der Cameo Modeler-Installation abgelegt.<br \/>\n<em><a href=\"https:\/\/fasform.de\/content\/?ddownload=1621\" title=\"MechML-Plugin herunterladen\" rel=\"nofollow\" class=\"ddownload-link id-1621 ext-zip\">MechML-Plugin herunterladen<\/a><\/em><\/p>\n<h3>Beispielvideo<\/h3>\n<p>Die Beispielvideos folgen in K\u00fcrze. Wir bitten noch um etwas Geduld. Vor\u00fcbergehend pr\u00e4sentieren wir Ihnen hier eine Sammlung von Videos die f\u00fcr den TdSE 2015 produziert wurden.<\/p>\n<h3 id=\"TdSE2015\">Zwischenergebnisse: Beispielvideos vom TdSE 2015<\/h3>\n<p><iframe loading=\"lazy\" src=\"https:\/\/www.youtube.com\/embed\/videoseries?list=PLII_0AKRCGLRWiDIFHuLLco-5bLAm1wzy\" width=\"560\" height=\"315\" frameborder=\"0\" allowfullscreen=\"allowfullscreen\"><\/iframe><\/p>\n","protected":false},"excerpt":{"rendered":"<p>Auf dieser Seite stellen wir Ihnen die Ergebnisse unseres Forschungsprojekts zur Verf\u00fcgung. Methodisches Vorgehen Auf der Website von KITopen (Das ist das zentrale Repository und die Publikationsplattform des Karlsruher Instituts f\u00fcr Technologie) k\u00f6nnen Sie eine Kurzversion des FAS4M-Methodenguidelines herunterladen. http:\/\/digbib.ubka.uni-karlsruhe.de\/volltexte\/1000056208 DOI: 10.5445\/IR\/1000056208 Die MechML-Spezifikation Die Mechanics Modeling Language (MechML) ist eine Erweiterung der allgemeinen Modellierungssprache [&hellip;]<\/p>\n","protected":false},"author":1,"featured_media":0,"parent":0,"menu_order":3,"comment_status":"open","ping_status":"open","template":"","meta":{"footnotes":""},"class_list":["post-1361","page","type-page","status-publish","czr-hentry"],"aioseo_notices":[],"_links":{"self":[{"href":"https:\/\/fasform.de\/content\/wp-json\/wp\/v2\/pages\/1361","targetHints":{"allow":["GET"]}}],"collection":[{"href":"https:\/\/fasform.de\/content\/wp-json\/wp\/v2\/pages"}],"about":[{"href":"https:\/\/fasform.de\/content\/wp-json\/wp\/v2\/types\/page"}],"author":[{"embeddable":true,"href":"https:\/\/fasform.de\/content\/wp-json\/wp\/v2\/users\/1"}],"replies":[{"embeddable":true,"href":"https:\/\/fasform.de\/content\/wp-json\/wp\/v2\/comments?post=1361"}],"version-history":[{"count":22,"href":"https:\/\/fasform.de\/content\/wp-json\/wp\/v2\/pages\/1361\/revisions"}],"predecessor-version":[{"id":1721,"href":"https:\/\/fasform.de\/content\/wp-json\/wp\/v2\/pages\/1361\/revisions\/1721"}],"wp:attachment":[{"href":"https:\/\/fasform.de\/content\/wp-json\/wp\/v2\/media?parent=1361"}],"curies":[{"name":"wp","href":"https:\/\/api.w.org\/{rel}","templated":true}]}}