{"id":211,"date":"2014-06-12T12:34:09","date_gmt":"2014-06-12T10:34:09","guid":{"rendered":"http:\/\/fasform.de\/content\/?page_id=211"},"modified":"2016-03-23T12:37:45","modified_gmt":"2016-03-23T10:37:45","slug":"oose-innovative-informatik-eg","status":"publish","type":"page","link":"https:\/\/fasform.de\/content\/die-forschungspartner\/oose-innovative-informatik-eg\/","title":{"rendered":"oose Innovative Informatik eG"},"content":{"rendered":"<p>Wir, die <a title=\"oose Innovative Informatik eG\" href=\"http:\/\/www.oose.de\" target=\"_blank\">oose Innovative Informatik eG<\/a>, sind ein Schulungs- und Beratungsunternehmen f\u00fcr Software-, System- und Organisationsentwicklung. Das Unternehmen wurde 1998 von Bernd Oestereich in Hamburg gegr\u00fcndet. Mittlerweile hat oose ca. 30 Mitarbeiter, wovon mehr als die H\u00e4lfte als Trainer und Berater in unterschiedlichen Themengebieten t\u00e4tig sind. Das Unternehmen befindet sich mittlerweile im Besitz der Mitarbeiter.<\/p>\n<p><img loading=\"lazy\" decoding=\"async\" class=\"size-full wp-image-541\" style=\"float: right; margin: 10px;\" src=\"http:\/\/fasform.de\/content\/wp-content\/uploads\/2014\/06\/oose_logo_anthrazit_320x105.png\" alt=\"oose Innovative Informatik GmbH\" width=\"320\" height=\"105\" srcset=\"https:\/\/fasform.de\/content\/wp-content\/uploads\/2014\/06\/oose_logo_anthrazit_320x105.png 320w, https:\/\/fasform.de\/content\/wp-content\/uploads\/2014\/06\/oose_logo_anthrazit_320x105-300x98.png 300w\" sizes=\"auto, (max-width: 320px) 100vw, 320px\" \/><\/p>\n<p>oose bietet zu wichtigen Themen der Software- und Systementwicklung Coachings, Seminare, Workshops, Beratung und Projektunterst\u00fctzung. Dabei begleiten wir organisatorische Ver\u00e4nderungen, f\u00fchren neue Methoden ein und vermitteln Wissen.<\/p>\n<p>Wir geben unseren Kunden die notwendigen Impulse, damit diese entscheidende neue F\u00e4higkeiten gewinnen und sich wirklich weiter entwickeln k\u00f6nnen. Hierf\u00fcr streben wir kontinuierlich nach immer besseren M\u00f6glichkeiten, mit denen wir unsere Kunden zu einer langfristig exzellenten Weiterentwicklung bef\u00e4higen und gleichzeitig Menschen begeistern und ermutigen k\u00f6nnen, neue Wege zu beschreiten.<\/p>\n<p>oose ist unter anderem Mitglied bei der GfSE (Gesellschaft f\u00fcr Systems Engineering e.V.) und bei der Object Management Group\u00ae (OMG\u00ae). Bei der OMG sind wir aktiv an der Gestaltung der internationalen Standards Unified Modeling Language\u00ae (UML\u00ae), Business Process Modeling Notation\u2122 (BPMN\u2122) und OMG Systems Modeling Language\u2122 (OMG SysML\u2122) beteiligt. Zudem sind wir Co-Autoren der entsprechenden Zertifizierungsprogramme (OCUP\u2122, OCEB\u2122 und OCSMP\u2122) der OMG.<\/p>\n<h2>Beitrag und Ziele im Kooperationsprojekt<\/h2>\n<p>[&#8230;]<\/p>\n","protected":false},"excerpt":{"rendered":"<p>Wir, die oose Innovative Informatik eG, sind ein Schulungs- und Beratungsunternehmen f\u00fcr Software-, System- und Organisationsentwicklung. Das Unternehmen wurde 1998 von Bernd Oestereich in Hamburg gegr\u00fcndet. Mittlerweile hat oose ca. 30 Mitarbeiter, wovon mehr als die H\u00e4lfte als Trainer und Berater in unterschiedlichen Themengebieten t\u00e4tig sind. Das Unternehmen befindet sich mittlerweile im Besitz der Mitarbeiter. [&hellip;]<\/p>\n","protected":false},"author":1,"featured_media":0,"parent":411,"menu_order":2,"comment_status":"open","ping_status":"open","template":"","meta":{"footnotes":""},"class_list":["post-211","page","type-page","status-publish","czr-hentry"],"aioseo_notices":[],"_links":{"self":[{"href":"https:\/\/fasform.de\/content\/wp-json\/wp\/v2\/pages\/211","targetHints":{"allow":["GET"]}}],"collection":[{"href":"https:\/\/fasform.de\/content\/wp-json\/wp\/v2\/pages"}],"about":[{"href":"https:\/\/fasform.de\/content\/wp-json\/wp\/v2\/types\/page"}],"author":[{"embeddable":true,"href":"https:\/\/fasform.de\/content\/wp-json\/wp\/v2\/users\/1"}],"replies":[{"embeddable":true,"href":"https:\/\/fasform.de\/content\/wp-json\/wp\/v2\/comments?post=211"}],"version-history":[{"count":11,"href":"https:\/\/fasform.de\/content\/wp-json\/wp\/v2\/pages\/211\/revisions"}],"predecessor-version":[{"id":1341,"href":"https:\/\/fasform.de\/content\/wp-json\/wp\/v2\/pages\/211\/revisions\/1341"}],"up":[{"embeddable":true,"href":"https:\/\/fasform.de\/content\/wp-json\/wp\/v2\/pages\/411"}],"wp:attachment":[{"href":"https:\/\/fasform.de\/content\/wp-json\/wp\/v2\/media?parent=211"}],"curies":[{"name":"wp","href":"https:\/\/api.w.org\/{rel}","templated":true}]}}