{"id":251,"date":"2014-06-12T13:28:14","date_gmt":"2014-06-12T11:28:14","guid":{"rendered":"http:\/\/fasform.de\/content\/?page_id=251"},"modified":"2014-08-13T14:27:46","modified_gmt":"2014-08-13T12:27:46","slug":"institut-fuer-produktentwicklung-am-karlsruher-institut-fuer-technologie-kit","status":"publish","type":"page","link":"https:\/\/fasform.de\/content\/die-forschungspartner\/institut-fuer-produktentwicklung-am-karlsruher-institut-fuer-technologie-kit\/","title":{"rendered":"Institut f\u00fcr Produktentwicklung am KIT"},"content":{"rendered":"<p>Das IPEK \u2013 Institut f\u00fcr Produktentwicklung ist eine Forschungseinrichtung am Karlsruher Institut f\u00fcr Technologie (KIT). Wir verstehen uns als ein Zentrum der wissenschaftlichen Produktentwicklung und Innovation mit dem Schwerpunkt auf Antriebssysteme und Mobilit\u00e4t. Dabei unterteilen wir die Produktentwicklung in deren<\/p>\n<ul>\n<li>Systeme,<\/li>\n<li>Methoden und<\/li>\n<li>Prozesse<\/li>\n<\/ul>\n<p>um der Komplexit\u00e4t heutiger Produktentwicklung ganzheitlich gerecht zu werden. Erst die Verkn\u00fcpfung dieser drei Kategorien erm\u00f6glicht die Synthese innovativer Systeme durch Nutzung neuester Methoden und Prozesse. Durch diese Systemsynthese sind wir gleichzeitig in der Lage, unsere entwickelten Methoden und Prozesse zu validieren und damit deren Mehrwert abzusichern. Diesen Forschungsansatz leben wir nicht nur in Projekten, die inhaltlich der Grundlagenforschung zuzuordnen sind, sondern insbesondere auch im Rahmen der Angewandten Forschung.<img loading=\"lazy\" decoding=\"async\" class=\"size-full wp-image-831 alignright\" src=\"http:\/\/fasform.de\/content\/wp-content\/uploads\/2014\/07\/logo_ipek_322x112@72dpi.png\" alt=\"IPEK Logo\" width=\"322\" height=\"112\" srcset=\"https:\/\/fasform.de\/content\/wp-content\/uploads\/2014\/07\/logo_ipek_322x112@72dpi.png 322w, https:\/\/fasform.de\/content\/wp-content\/uploads\/2014\/07\/logo_ipek_322x112@72dpi-300x104.png 300w\" sizes=\"auto, (max-width: 322px) 100vw, 322px\" \/><\/p>\n<p>Unser Anspruch ist hierbei, die Innovationskraft des deutschen Maschinen- und Fahrzeugbaus langfristig zu st\u00e4rken. In diesem Sinne bilden die S\u00e4ulen Forschung, Innovation und Lehre das Fundament unserer strategischen Ausrichtung. Antriebssysteme und Mobilit\u00e4t sowie Methoden und Prozesse der Produktentwicklung stehen im Mittelpunkt unserer Forschungsaktivit\u00e4ten.<\/p>\n<p>Die Forderung nach einer ganzheitlichen Betrachtung dieses Forschungsanspruchs erf\u00fcllen wir durch Integration angrenzender Forschungsfelder. Das so entstehende Forschungsportfolio wird durch zwei zentrale, auf der Systemtheorie basierende Rahmenwerke umspannt: dem integrierten Produktentstehungsmodell (iPeM) und dem X-in-the-Loop-Ansatz (XiL) zur Validierung mechatronischer Systeme.<\/p>\n<h2>Beitrag und Ziele im Kooperationsprojekt<\/h2>\n<p>Das Teilvorhaben des IPEK ist die Entwicklung einer Methode zur integrativen Analyse und Synthese des Funktions-Gestalt-Zusammenhangs in mechatronischen Produkten. Das Ziel ist die Transition von funktionalen Strukturen zur gestaltbehafteten physischen Struktur mit der neuen Sprache und dem zugeh\u00f6rigen Tool optimal methodisch zu begleiten und somit den Anwender in seiner Arbeit bestens zu unterst\u00fctzen.<\/p>\n","protected":false},"excerpt":{"rendered":"<p>Das IPEK \u2013 Institut f\u00fcr Produktentwicklung ist eine Forschungseinrichtung am Karlsruher Institut f\u00fcr Technologie (KIT). Wir verstehen uns als ein Zentrum der wissenschaftlichen Produktentwicklung und Innovation mit dem Schwerpunkt auf Antriebssysteme und Mobilit\u00e4t. Dabei unterteilen wir die Produktentwicklung in deren Systeme, Methoden und Prozesse um der Komplexit\u00e4t heutiger Produktentwicklung ganzheitlich gerecht zu werden. Erst die [&hellip;]<\/p>\n","protected":false},"author":1,"featured_media":0,"parent":411,"menu_order":3,"comment_status":"open","ping_status":"open","template":"","meta":{"footnotes":""},"class_list":["post-251","page","type-page","status-publish","czr-hentry"],"aioseo_notices":[],"_links":{"self":[{"href":"https:\/\/fasform.de\/content\/wp-json\/wp\/v2\/pages\/251","targetHints":{"allow":["GET"]}}],"collection":[{"href":"https:\/\/fasform.de\/content\/wp-json\/wp\/v2\/pages"}],"about":[{"href":"https:\/\/fasform.de\/content\/wp-json\/wp\/v2\/types\/page"}],"author":[{"embeddable":true,"href":"https:\/\/fasform.de\/content\/wp-json\/wp\/v2\/users\/1"}],"replies":[{"embeddable":true,"href":"https:\/\/fasform.de\/content\/wp-json\/wp\/v2\/comments?post=251"}],"version-history":[{"count":7,"href":"https:\/\/fasform.de\/content\/wp-json\/wp\/v2\/pages\/251\/revisions"}],"predecessor-version":[{"id":851,"href":"https:\/\/fasform.de\/content\/wp-json\/wp\/v2\/pages\/251\/revisions\/851"}],"up":[{"embeddable":true,"href":"https:\/\/fasform.de\/content\/wp-json\/wp\/v2\/pages\/411"}],"wp:attachment":[{"href":"https:\/\/fasform.de\/content\/wp-json\/wp\/v2\/media?parent=251"}],"curies":[{"name":"wp","href":"https:\/\/api.w.org\/{rel}","templated":true}]}}