{"id":271,"date":"2014-06-12T13:28:50","date_gmt":"2014-06-12T11:28:50","guid":{"rendered":"http:\/\/fasform.de\/content\/?page_id=271"},"modified":"2015-07-29T16:54:03","modified_gmt":"2015-07-29T14:54:03","slug":"helmut-schmidt-universitaet-hsu","status":"publish","type":"page","link":"https:\/\/fasform.de\/content\/die-forschungspartner\/helmut-schmidt-universitaet-hsu\/","title":{"rendered":"Helmut-Schmidt-Universit\u00e4t (HSU)"},"content":{"rendered":"<p><img loading=\"lazy\" decoding=\"async\" class=\"size-full alignleft wp-image-1081\" src=\"http:\/\/fasform.de\/content\/wp-content\/uploads\/2015\/07\/hsu-logo.png\" alt=\"hsu-logo\" width=\"322\" height=\"235\" srcset=\"https:\/\/fasform.de\/content\/wp-content\/uploads\/2015\/07\/hsu-logo.png 322w, https:\/\/fasform.de\/content\/wp-content\/uploads\/2015\/07\/hsu-logo-300x218.png 300w\" sizes=\"auto, (max-width: 322px) 100vw, 322px\" \/>Die Professur f\u00fcr Maschinenelemente und Rechnergest\u00fctzte Produktentwicklung (MRP) an der <a title=\"Helmut-Schmidt-Universit\u00e4t :: Startseite\" href=\"http:\/\/www.hsu-hh.de\" target=\"_blank\">Helmut Schmidt Universit\u00e4t \u2013 Universit\u00e4t der Bundeswehr Hamburg (HSU)<\/a> befasst sich seit 2004 mit der Produktentstehung. Forschungsseitig wird die\u00a0bedeutende Schnittstelle zwischen Entwicklung und Produktion untersucht. Ziel ist es, neue Methoden zur \u201eFr\u00fchzeitige Produktbeeinflussung\u201c zu erarbeiten, mit denen die Entwicklung den vielf\u00e4ltigen Anforderungen an die Produkteigenschaften gerecht werden kann.<\/p>\n<p>Der Forschungsbedarf wird im Wesentlichen in Industrieprojekten erschlossen. So konnten bis heute umfangreiche wissenschaftliche Erkenntnisse erarbeitet und in der Praxis nachhaltig umgesetzt werden. Die Anwendungen\u00a0kommen mehrheitlich aus der automobilen Welt und erstrecken sich bis zur Medizintechnik.<\/p>\n<p>Im Sinne des forschenden Lehrens flie\u00dfen die Erkenntnisse aus der Forschung\u00a0unmittelbar in die Lehre ein und machen diese zeitaktuell und lebendig. Dar\u00fcber\u00a0hinaus f\u00f6rdert das MRP intensiv Projekte f\u00fcr Studierende. Mehrere Preise zeugen\u00a0von einer erfolgreichen Wissensvermittlung und \u201eausgezeichneter\u201c Umsetzung.<\/p>\n<p>&nbsp;<\/p>\n<p>Lehrseitig werden f\u00fcr die Studieng\u00e4nge Maschinenbau und Wirtschaftsingenieurwesen angeboten:<\/p>\n<ul>\n<li><strong>Bachelor<\/strong>\n<ul>\n<li>Maschinenelemente<\/li>\n<li>Methodik der Entwicklung<\/li>\n<\/ul>\n<\/li>\n<li><strong>Master<\/strong>\n<ul>\n<li>Strategische Produktplanung<\/li>\n<li>Grundlagen der Produktentwicklung<\/li>\n<li>Virtuelle Produktentwicklung<\/li>\n<\/ul>\n<\/li>\n<\/ul>\n<p>Die Abl\u00e4ufe in Forschung und Lehre sind im Qualit\u00e4tsmanagementhandbuch des\u00a0MRP in Anlehnung an die DIN EN ISO 9001 geregelt.<\/p>\n<h2><b>Beitrag und Ziele im Verbundprojekt<\/b><\/h2>\n<p>[&#8230;]<\/p>\n","protected":false},"excerpt":{"rendered":"<p>Die Professur f\u00fcr Maschinenelemente und Rechnergest\u00fctzte Produktentwicklung (MRP) an der Helmut Schmidt Universit\u00e4t \u2013 Universit\u00e4t der Bundeswehr Hamburg (HSU) befasst sich seit 2004 mit der Produktentstehung. Forschungsseitig wird die\u00a0bedeutende Schnittstelle zwischen Entwicklung und Produktion untersucht. Ziel ist es, neue Methoden zur \u201eFr\u00fchzeitige Produktbeeinflussung\u201c zu erarbeiten, mit denen die Entwicklung den vielf\u00e4ltigen Anforderungen an die Produkteigenschaften [&hellip;]<\/p>\n","protected":false},"author":1,"featured_media":0,"parent":411,"menu_order":4,"comment_status":"open","ping_status":"open","template":"","meta":{"footnotes":""},"class_list":["post-271","page","type-page","status-publish","czr-hentry"],"aioseo_notices":[],"_links":{"self":[{"href":"https:\/\/fasform.de\/content\/wp-json\/wp\/v2\/pages\/271","targetHints":{"allow":["GET"]}}],"collection":[{"href":"https:\/\/fasform.de\/content\/wp-json\/wp\/v2\/pages"}],"about":[{"href":"https:\/\/fasform.de\/content\/wp-json\/wp\/v2\/types\/page"}],"author":[{"embeddable":true,"href":"https:\/\/fasform.de\/content\/wp-json\/wp\/v2\/users\/1"}],"replies":[{"embeddable":true,"href":"https:\/\/fasform.de\/content\/wp-json\/wp\/v2\/comments?post=271"}],"version-history":[{"count":6,"href":"https:\/\/fasform.de\/content\/wp-json\/wp\/v2\/pages\/271\/revisions"}],"predecessor-version":[{"id":1111,"href":"https:\/\/fasform.de\/content\/wp-json\/wp\/v2\/pages\/271\/revisions\/1111"}],"up":[{"embeddable":true,"href":"https:\/\/fasform.de\/content\/wp-json\/wp\/v2\/pages\/411"}],"wp:attachment":[{"href":"https:\/\/fasform.de\/content\/wp-json\/wp\/v2\/media?parent=271"}],"curies":[{"name":"wp","href":"https:\/\/api.w.org\/{rel}","templated":true}]}}