{"id":391,"date":"2014-06-12T13:34:46","date_gmt":"2014-06-12T11:34:46","guid":{"rendered":"http:\/\/fasform.de\/content\/?page_id=391"},"modified":"2016-06-29T14:10:33","modified_gmt":"2016-06-29T12:10:33","slug":"veroeffentlichungen","status":"publish","type":"page","link":"https:\/\/fasform.de\/content\/veroeffentlichungen\/","title":{"rendered":"Ver\u00f6ffentlichungen"},"content":{"rendered":"<p><b>Martin Grundel, Jutta Abulawi, Joscha Loewner: Skizzen mit formalisierten Informationen anreichern.<\/b><br \/>\nTag des Systems Engineering (TdSE) 2015, 11. &#8211; 13. November 2015, Ulm<\/p>\n<p><b>Martin Grundel, Jutta Abulawi: Ein Ansatz zur formalen, inhaltlichen Konsistenzpr\u00fcfung von mechanischen Systemen.<\/b><br \/>\nTag des Systems Engineering (TdSE) 2015, 11. &#8211; 13. November 2015, Ulm<\/p>\n<p><b>Georg Moeser, Christoph Kramer, Martin Grundel, Michael Neubert, Stephan K\u00fcmpel, Axel Scheithauer, Sven Kleiner, Albert Albers: Fortschrittsbericht zur modellbasierten Unterst\u00fctzung der Konstrukteurst\u00e4tigkeit durch FAS4M.<\/b><br \/>\nTag des Systems Engineering (TdSE) 2015, 11. &#8211; 13. November 2015, Ulm<\/p>\n<p>Die FAS4M-Forschungspartner haben auf der Konferenz <em><a title=\"Konferenzwebsite des TdSE\" href=\"http:\/\/www.tdse.org\" target=\"_blank\">Tag des Systems Engineering 2015<\/a><\/em> (TdSE) einen Fortschrittsbericht pr\u00e4sentiert. Der Beitrag ist auch im <a title=\"Tag des Systems Engineering 2015 - Hanser Fachbuch\" href=\"http:\/\/www.hanser-fachbuch.de\/buch\/Tag+des+Systems+Engineering\/9783446447295\" target=\"_blank\">Begleitbuch zur Konferenz<\/a> erschienen, das\u00a0entweder unter der ISBN 978-3-446-44729-5 f\u00fcr die Printausgabe, bzw. ISBN 978-3-446-44728-8 f\u00fcr das EBook, beim Hanser Fachbuchverlag erworben werden kann. Die dort gezeigten Videos sind auf der Seite <a href=\"http:\/\/www.fas4m.de\/content\/ergebnisse\/#TdSE2015\">Projektergebnisse<\/a> eingebettet.<\/p>\n<p><b>Georg Moeser, Albert Albers, Simon Klingler: Modellbasierte Funktions-Gestalt-Synthese. Unterst\u00fctzung der Entwickler bei der Definition der Produktgestalt.<\/b><br \/>\n26. DfX-Symposium 2015, 07. &#8211; 08. Oktober 2015, Herrsching<\/p>\n<p><b>Georg Moeser, Albert Albers, Stephan K\u00fcmpel: Usage of Free Sketches in MBSE. Raising the applicability of Model-Based Systems Engineering for Mechanical Engineers.<\/b><br \/>\nIEEE International Symposium on Systems Engineering (ISSE) 2015, 29. &#8211; 30. September 2015, Rom<br \/>\nLink: <a title=\"IEEE Xplore Abstract - Usage of free sketches in MBSE...\" href=\"http:\/\/ieeexplore.ieee.org\/xpl\/login.jsp?tp=&amp;arnumber=7302511&amp;url=http%3A%2F%2Fieeexplore.ieee.org%2Fiel7%2F7299493%2F7302498%2F07302511.pdf\" target=\"_blank\">IEEE XPlore Digital Library<\/a><\/p>\n<p><b>Moeser, Georg: Example on &#8222;Usage of Free Sketches in MBSE&#8220;.<\/b><br \/>\nIPEK \u2013 Institute of Product Engineering at Karlsruhe Institute of Technology (KIT)<\/p>\n<a href=\"https:\/\/fasform.de\/content\/?ddownload=1221\" title=\"Download\" rel=\"nofollow\" class=\"ddownload-button button-blue id-1221 ext-pdf\">Download<\/a>\n<p><b>Moeser, Georg: Integration of a visually supported Function-Embodiment-Synthesis into the Concepts of MBSE.<\/b><br \/>\n3rd International Spring School on Systems Engineering IS3E 2015, 04. &#8211; 08. Mai 2015, Paderborn<\/p>\n<a href=\"https:\/\/fasform.de\/content\/?ddownload=1151\" title=\"Download\" rel=\"nofollow\" class=\"ddownload-button button-blue id-1151 ext-pdf\">Download<\/a>\n<p><b>Martin Grundel, Jutta Abulawi, Georg Moeser, Tim Weilkiens, Axel Scheithauer, Sven Kleiner, Christoph Kramer, Michael Neubert, Stephan K\u00fcmpel, Albert Albers: FAS4M \u2013\u00a0No more: \u201cPlease mind the gap!\u201d<\/b><br \/>\nTag des Systems Engineering (TdSE) 2014, 12. &#8211; 14. November 2014, Bremen<\/p>\n<p>Die FAS4M-Forschungspartner haben im Rahmen eines Vortrags auf der Konferenz <em><a title=\"Konferenzwebsite des TdSE\" href=\"http:\/\/www.tdse.org\" target=\"_blank\">Tag des Systems Engineering 2014<\/a><\/em> (TdSE) einen Zwischenstand ihrer bisherigen Forschungsergebnisse pr\u00e4sentiert. Der Beitrag ist auch im <a title=\"Tag des Systems Engineering 2014 - Hanser Fachbuch\" href=\"http:\/\/www.hanser-fachbuch.de\/buch\/Tag+des+Systems+Engineering+Print+on+Demand\/9783446443570\" target=\"_blank\">Begleitbuch zur Konferenz<\/a> erschienen, das\u00a0entweder unter der ISBN 978-3-446-44357-0 f\u00fcr die Printausgabe, bzw. ISBN 978-3-446-44376-1 f\u00fcr das EBook, beim Hanser Fachbuchverlag erworben werden kann.<\/p>\n","protected":false},"excerpt":{"rendered":"<p>Martin Grundel, Jutta Abulawi, Joscha Loewner: Skizzen mit formalisierten Informationen anreichern. Tag des Systems Engineering (TdSE) 2015, 11. &#8211; 13. November 2015, Ulm Martin Grundel, Jutta Abulawi: Ein Ansatz zur formalen, inhaltlichen Konsistenzpr\u00fcfung von mechanischen Systemen. Tag des Systems Engineering (TdSE) 2015, 11. &#8211; 13. November 2015, Ulm Georg Moeser, Christoph Kramer, Martin Grundel, Michael [&hellip;]<\/p>\n","protected":false},"author":1,"featured_media":1001,"parent":0,"menu_order":0,"comment_status":"open","ping_status":"open","template":"","meta":{"footnotes":""},"class_list":["post-391","page","type-page","status-publish","has-post-thumbnail","czr-hentry"],"aioseo_notices":[],"_links":{"self":[{"href":"https:\/\/fasform.de\/content\/wp-json\/wp\/v2\/pages\/391","targetHints":{"allow":["GET"]}}],"collection":[{"href":"https:\/\/fasform.de\/content\/wp-json\/wp\/v2\/pages"}],"about":[{"href":"https:\/\/fasform.de\/content\/wp-json\/wp\/v2\/types\/page"}],"author":[{"embeddable":true,"href":"https:\/\/fasform.de\/content\/wp-json\/wp\/v2\/users\/1"}],"replies":[{"embeddable":true,"href":"https:\/\/fasform.de\/content\/wp-json\/wp\/v2\/comments?post=391"}],"version-history":[{"count":17,"href":"https:\/\/fasform.de\/content\/wp-json\/wp\/v2\/pages\/391\/revisions"}],"predecessor-version":[{"id":1581,"href":"https:\/\/fasform.de\/content\/wp-json\/wp\/v2\/pages\/391\/revisions\/1581"}],"wp:featuredmedia":[{"embeddable":true,"href":"https:\/\/fasform.de\/content\/wp-json\/wp\/v2\/media\/1001"}],"wp:attachment":[{"href":"https:\/\/fasform.de\/content\/wp-json\/wp\/v2\/media?parent=391"}],"curies":[{"name":"wp","href":"https:\/\/api.w.org\/{rel}","templated":true}]}}