{"id":861,"date":"2014-07-13T16:28:25","date_gmt":"2014-07-13T14:28:25","guid":{"rendered":"http:\/\/fasform.de\/content\/?page_id=861"},"modified":"2016-06-29T13:48:43","modified_gmt":"2016-06-29T11:48:43","slug":"gesellschaft-fuer-systems-engineering-e-v","status":"publish","type":"page","link":"https:\/\/fasform.de\/content\/assoziative-partner\/gesellschaft-fuer-systems-engineering-e-v\/","title":{"rendered":"Gesellschaft f\u00fcr Systems Engineering e.V."},"content":{"rendered":"<p>Die <a href=\"http:\/\/www.gfse.de\" title=\"GfSE Homepage\" target=\"_blank\">Gesellschaft f\u00fcr Systems Engineering e.V.<\/a> (GfSE) wurde 1997 in der Rechtsform eines eingetragenen Vereins gegr\u00fcndet. Die GfSE ist die deutsche Sektion des <a href=\"http:\/\/www.incose.org\" title=\"INCOSE Homepage\" target=\"_blank\">International Council on Systems Engineering<\/a> (INCOSE) und vertritt als <em>German Chapter of INCOSE<\/em> die Organisation im deutschsprachigen Raum. INCOSE selbst konstituierte sich 1990 als internationale, gemeinn\u00fctzige Organisation.<\/p>\n<p><img loading=\"lazy\" decoding=\"async\" src=\"http:\/\/fasform.de\/content\/wp-content\/uploads\/2016\/06\/gfse-logo-322x191@72ppi.png\" alt=\"gfse-logo\" width=\"322\" height=\"191\" class=\"alignright size-full wp-image-1501\" srcset=\"https:\/\/fasform.de\/content\/wp-content\/uploads\/2016\/06\/gfse-logo-322x191@72ppi.png 322w, https:\/\/fasform.de\/content\/wp-content\/uploads\/2016\/06\/gfse-logo-322x191@72ppi-300x177.png 300w\" sizes=\"auto, (max-width: 322px) 100vw, 322px\" \/>Die GfSE f\u00f6rdert als gemeinn\u00fctzige Organisation Wissenschaft und Bildung im Bereich des Systems Engineering in Industrie, Forschung und Lehre. Sie partizipiert an den Aktivit\u00e4ten von INCOSE auf europ\u00e4ischer und internationaler Ebene und offeriert dar\u00fcber hinaus ein deutschsprachiges Dienstleistungsangebot zum Thema Systems Engineering. Ihre pers\u00f6nlichen, gef\u00f6rderten und kooperativen Mitglieder kommen aus vielen unterschiedlichen Branchen und Industriezweigen.<\/p>\n<p>Das Ziel der GfSE ist es, Systems Engineering im deutschsprachigen Raum zur bestm\u00f6glichen Anwendung und Weiterentwicklung zu bringen und ein Forum f\u00fcr Verbreitung und Austausch von Wissen und Erfahrungen zum Systems Engineering zu bieten. Dieser Wissenstransfer geschieht durch vielf\u00e4ltige Veranstaltungen und Initiativen. Neben zahlreichen Arbeitsgruppen zu wichtigen Themengebieten des Systems Engineering, dem Studentenwettbewerb, und dem Ausbildungsforum, bietet die GfSE u.a. auf ihrer j\u00e4hrlichen Konferenz <a href=\"http:\/\/www.tdse.org\" title=\"Tag des Systems Engineering\" target=\"_blank\">Tag des Systems Engineering<\/a> (TdSE) eine Plattform f\u00fcr Anwender, Entwickler und Forscher im Feld des Systems Engineering zum Erfahrungs- und Wissensaustausch.<\/p>\n","protected":false},"excerpt":{"rendered":"<p>Die Gesellschaft f\u00fcr Systems Engineering e.V. (GfSE) wurde 1997 in der Rechtsform eines eingetragenen Vereins gegr\u00fcndet. Die GfSE ist die deutsche Sektion des International Council on Systems Engineering (INCOSE) und vertritt als German Chapter of INCOSE die Organisation im deutschsprachigen Raum. INCOSE selbst konstituierte sich 1990 als internationale, gemeinn\u00fctzige Organisation. Die GfSE f\u00f6rdert als gemeinn\u00fctzige [&hellip;]<\/p>\n","protected":false},"author":1,"featured_media":0,"parent":501,"menu_order":1,"comment_status":"open","ping_status":"open","template":"","meta":{"footnotes":""},"class_list":["post-861","page","type-page","status-publish","czr-hentry"],"aioseo_notices":[],"_links":{"self":[{"href":"https:\/\/fasform.de\/content\/wp-json\/wp\/v2\/pages\/861","targetHints":{"allow":["GET"]}}],"collection":[{"href":"https:\/\/fasform.de\/content\/wp-json\/wp\/v2\/pages"}],"about":[{"href":"https:\/\/fasform.de\/content\/wp-json\/wp\/v2\/types\/page"}],"author":[{"embeddable":true,"href":"https:\/\/fasform.de\/content\/wp-json\/wp\/v2\/users\/1"}],"replies":[{"embeddable":true,"href":"https:\/\/fasform.de\/content\/wp-json\/wp\/v2\/comments?post=861"}],"version-history":[{"count":4,"href":"https:\/\/fasform.de\/content\/wp-json\/wp\/v2\/pages\/861\/revisions"}],"predecessor-version":[{"id":1531,"href":"https:\/\/fasform.de\/content\/wp-json\/wp\/v2\/pages\/861\/revisions\/1531"}],"up":[{"embeddable":true,"href":"https:\/\/fasform.de\/content\/wp-json\/wp\/v2\/pages\/501"}],"wp:attachment":[{"href":"https:\/\/fasform.de\/content\/wp-json\/wp\/v2\/media?parent=861"}],"curies":[{"name":"wp","href":"https:\/\/api.w.org\/{rel}","templated":true}]}}